{"id":16788,"date":"2023-01-06T08:00:24","date_gmt":"2023-01-06T08:00:24","guid":{"rendered":"https:\/\/www.amidas.si\/?page_id=16788"},"modified":"2024-11-20T16:04:48","modified_gmt":"2024-11-20T16:04:48","slug":"team","status":"publish","type":"page","link":"https:\/\/www.amidas.si\/de\/team\/","title":{"rendered":"Team"},"content":{"rendered":"<p><div class=\"fusion-fullwidth fullwidth-box fusion-builder-row-1 fusion-flex-container has-pattern-background has-mask-background nonhundred-percent-fullwidth non-hundred-percent-height-scrolling\" style=\"--awb-border-radius-top-left:0px;--awb-border-radius-top-right:0px;--awb-border-radius-bottom-right:0px;--awb-border-radius-bottom-left:0px;--awb-flex-wrap:wrap;\" ><div class=\"fusion-builder-row fusion-row fusion-flex-align-items-flex-start fusion-flex-content-wrap\" style=\"max-width:1248px;margin-left: calc(-4% \/ 2 );margin-right: calc(-4% \/ 2 );\"><div class=\"fusion-layout-column fusion_builder_column fusion-builder-column-0 fusion_builder_column_1_1 1_1 fusion-flex-column\" style=\"--awb-bg-size:cover;--awb-width-large:100%;--awb-margin-top-large:0px;--awb-spacing-right-large:1.92%;--awb-margin-bottom-large:20px;--awb-spacing-left-large:1.92%;--awb-width-medium:100%;--awb-order-medium:0;--awb-spacing-right-medium:1.92%;--awb-spacing-left-medium:1.92%;--awb-width-small:100%;--awb-order-small:0;--awb-spacing-right-small:1.92%;--awb-spacing-left-small:1.92%;\"><div class=\"fusion-column-wrapper fusion-column-has-shadow fusion-flex-justify-content-flex-start fusion-content-layout-column\"><div class=\"fusion-title title fusion-title-1 fusion-title-center fusion-title-text fusion-title-size-one\" style=\"--awb-margin-bottom:50px;--awb-margin-top-small:10px;--awb-margin-right-small:0px;--awb-margin-bottom-small:10px;--awb-margin-left-small:0px;\"><div class=\"title-sep-container title-sep-container-left\"><div class=\"title-sep sep-double sep-solid\" style=\"border-color:#e2e2e2;\"><\/div><\/div><span class=\"awb-title-spacer\"><\/span><h1 class=\"fusion-title-heading title-heading-center\" style=\"margin:0;\"><p style=\"text-align: center;\">Lernen Sie unser Team kennen!<\/p><\/h1><span class=\"awb-title-spacer\"><\/span><div class=\"title-sep-container title-sep-container-right\"><div class=\"title-sep sep-double sep-solid\" style=\"border-color:#e2e2e2;\"><\/div><\/div><\/div><\/div><\/div><div class=\"fusion-layout-column fusion_builder_column fusion-builder-column-1 fusion_builder_column_1_2 1_2 fusion-flex-column\" style=\"--awb-bg-size:cover;--awb-width-large:50%;--awb-margin-top-large:0px;--awb-spacing-right-large:3.84%;--awb-margin-bottom-large:20px;--awb-spacing-left-large:3.84%;--awb-width-medium:50%;--awb-order-medium:0;--awb-spacing-right-medium:3.84%;--awb-spacing-left-medium:3.84%;--awb-width-small:100%;--awb-order-small:0;--awb-spacing-right-small:1.92%;--awb-spacing-left-small:1.92%;\"><div class=\"fusion-column-wrapper fusion-column-has-shadow fusion-flex-justify-content-flex-start fusion-content-layout-column\"><div class=\"fusion-image-element \" style=\"--awb-mask-url: url(https:\/\/www.amidas.si\/wp-content\/plugins\/fusion-builder\/\/assets\/images\/masks\/mask-17.svg);--awb-caption-title-font-family:var(--h2_typography-font-family);--awb-caption-title-font-weight:var(--h2_typography-font-weight);--awb-caption-title-font-style:var(--h2_typography-font-style);--awb-caption-title-size:var(--h2_typography-font-size);--awb-caption-title-transform:var(--h2_typography-text-transform);--awb-caption-title-line-height:var(--h2_typography-line-height);--awb-caption-title-letter-spacing:var(--h2_typography-letter-spacing);\"><div class=\"awb-image-frame awb-image-frame-1 imageframe-liftup hover-with-mask\"><span class=\" fusion-imageframe imageframe-none imageframe-1 has-mask\"><img decoding=\"async\" width=\"2300\" height=\"2300\" alt=\"Nina Ambro\u017e \u0160u\u0161nik\" title=\"IMG_7040\" src=\"https:\/\/www.amidas.si\/wp-content\/uploads\/2017\/05\/IMG_7040.jpg\" data-orig-src=\"http:\/\/www.amidas.si\/wp-content\/uploads\/2017\/05\/IMG_7040.jpg\" class=\"lazyload img-responsive wp-image-10678\" srcset=\"data:image\/svg+xml,%3Csvg%20xmlns%3D%27http%3A%2F%2Fwww.w3.org%2F2000%2Fsvg%27%20width%3D%272300%27%20height%3D%272300%27%20viewBox%3D%270%200%202300%202300%27%3E%3Crect%20width%3D%272300%27%20height%3D%272300%27%20fill-opacity%3D%220%22%2F%3E%3C%2Fsvg%3E\" data-srcset=\"https:\/\/www.amidas.si\/wp-content\/uploads\/2017\/05\/IMG_7040-600x600.jpg 600w, https:\/\/www.amidas.si\/wp-content\/uploads\/2017\/05\/IMG_7040.jpg 2300w\" data-sizes=\"auto\" data-orig-sizes=\"(max-width: 640px) 100vw, 2300px\" \/><\/span><\/div><\/div><div class=\"fusion-text fusion-text-1\"><p align=\"center\"><b>Nina Ambro\u017e \u0160u\u0161nik<\/b><\/p>\n<p align=\"center\">Nina ist dabei, von ihrem Vater Dejan \u0160u\u0161nik die Leitung des Unternehmens zu \u00fcbernehmen und bereitet sich so darauf vor, das Unternehmen in den kommenden Jahren selbstst\u00e4ndig zu leiten. Au\u00dferdem k\u00fcmmert sie sich als Leiterin der Vertriebsabteilung in erster Linie um Ihre W\u00fcnsche. Sie ist immer hilfsbereit und sorgt f\u00fcr gute Stimmung unter den Mitarbeitern. Ihre Kenntnisse im Bereich Marketing vertieft sie mit dem Studium an der Fakult\u00e4t f\u00fcr Unternehmertum Gea College sowie bei Seminaren und Konferenzen in ganz Europa.<\/p>\n<\/div><\/div><\/div><div class=\"fusion-layout-column fusion_builder_column fusion-builder-column-2 fusion_builder_column_1_2 1_2 fusion-flex-column\" style=\"--awb-bg-size:cover;--awb-width-large:50%;--awb-margin-top-large:0px;--awb-spacing-right-large:3.84%;--awb-margin-bottom-large:20px;--awb-spacing-left-large:3.84%;--awb-width-medium:50%;--awb-order-medium:0;--awb-spacing-right-medium:3.84%;--awb-spacing-left-medium:3.84%;--awb-width-small:100%;--awb-order-small:0;--awb-spacing-right-small:1.92%;--awb-spacing-left-small:1.92%;\"><div class=\"fusion-column-wrapper fusion-column-has-shadow fusion-flex-justify-content-flex-start fusion-content-layout-column\"><div class=\"fusion-image-element \" style=\"--awb-mask-url: url(https:\/\/www.amidas.si\/wp-content\/plugins\/fusion-builder\/\/assets\/images\/masks\/mask-17.svg);--awb-caption-title-font-family:var(--h2_typography-font-family);--awb-caption-title-font-weight:var(--h2_typography-font-weight);--awb-caption-title-font-style:var(--h2_typography-font-style);--awb-caption-title-size:var(--h2_typography-font-size);--awb-caption-title-transform:var(--h2_typography-text-transform);--awb-caption-title-line-height:var(--h2_typography-line-height);--awb-caption-title-letter-spacing:var(--h2_typography-letter-spacing);\"><div class=\"awb-image-frame awb-image-frame-2 imageframe-liftup hover-with-mask\"><span class=\" fusion-imageframe imageframe-none imageframe-2 has-mask\"><img decoding=\"async\" width=\"500\" height=\"500\" alt=\"Dejan \u0160u\u0161nik\" title=\"Dejan-Susnik\" src=\"data:image\/svg+xml,%3Csvg%20xmlns%3D%27http%3A%2F%2Fwww.w3.org%2F2000%2Fsvg%27%20width%3D%27500%27%20height%3D%27500%27%20viewBox%3D%270%200%20500%20500%27%3E%3Crect%20width%3D%27500%27%20height%3D%27500%27%20fill-opacity%3D%220%22%2F%3E%3C%2Fsvg%3E\" data-orig-src=\"http:\/\/www.amidas.si\/wp-content\/uploads\/2017\/05\/Dejan-Susnik.jpg\" class=\"lazyload img-responsive wp-image-11116\"\/><\/span><\/div><\/div><div class=\"fusion-text fusion-text-2\"><p align=\"center\"><b>Dejan \u0160u\u0161nik<\/b><\/p>\n<p align=\"center\">Dejan ist Mehrheitseigent\u00fcmer von Amidas \u2013 einer der besten \u00dcbersetzungsagenturen in Slowenien, das slowenischen und ausl\u00e4ndischen Unternehmen den Horizont internationaler M\u00e4rkte er\u00f6ffnet. Einen Gro\u00dfteil seines Lebens verbrachte Dejan in Gro\u00dfbritannien und den USA. Aufgrund seiner internationalen Beziehungen und sprachlichen Kenntnisse arbeitete er erfolgreich als \u00dcbersetzer und gr\u00fcndete dann zusammen mit noch zwei Freunden das Unternehmen Amidas. Dejan ist ein geduldiger und verst\u00e4ndnisvoller Manager, der es versteht, die Interessen der Besch\u00e4ftigen, der externen Mitarbeiter und der Kunden erfolgreich in Einklang zu bringen. r zieht sich immer mehr von der Gesch\u00e4ftsleitung zur\u00fcck und nimmt eine Beraterfunktion ein, um so die Unternehmensleitung der j\u00fcngeren Generation zu \u00fcberlassen.<\/p>\n<\/div><\/div><\/div><div class=\"fusion-layout-column fusion_builder_column fusion-builder-column-3 fusion_builder_column_1_3 1_3 fusion-flex-column\" style=\"--awb-bg-size:cover;--awb-width-large:33.333333333333%;--awb-margin-top-large:0px;--awb-spacing-right-large:5.76%;--awb-margin-bottom-large:20px;--awb-spacing-left-large:5.76%;--awb-width-medium:33.333333333333%;--awb-order-medium:0;--awb-spacing-right-medium:5.76%;--awb-spacing-left-medium:5.76%;--awb-width-small:100%;--awb-order-small:0;--awb-spacing-right-small:1.92%;--awb-spacing-left-small:1.92%;\"><div class=\"fusion-column-wrapper fusion-column-has-shadow fusion-flex-justify-content-flex-start fusion-content-layout-column\"><div class=\"fusion-image-element \" style=\"--awb-mask-url: url(https:\/\/www.amidas.si\/wp-content\/plugins\/fusion-builder\/\/assets\/images\/masks\/mask-17.svg);--awb-mask-size: cover;--awb-caption-title-font-family:var(--h2_typography-font-family);--awb-caption-title-font-weight:var(--h2_typography-font-weight);--awb-caption-title-font-style:var(--h2_typography-font-style);--awb-caption-title-size:var(--h2_typography-font-size);--awb-caption-title-transform:var(--h2_typography-text-transform);--awb-caption-title-line-height:var(--h2_typography-line-height);--awb-caption-title-letter-spacing:var(--h2_typography-letter-spacing);\"><div class=\"awb-image-frame awb-image-frame-3 imageframe-liftup hover-with-mask\"><span class=\" fusion-imageframe imageframe-none imageframe-3 has-mask\"><img decoding=\"async\" width=\"500\" height=\"500\" alt=\"Mateja Ho\u010devar\" title=\"Mateja-Hocevar\" src=\"data:image\/svg+xml,%3Csvg%20xmlns%3D%27http%3A%2F%2Fwww.w3.org%2F2000%2Fsvg%27%20width%3D%27500%27%20height%3D%27500%27%20viewBox%3D%270%200%20500%20500%27%3E%3Crect%20width%3D%27500%27%20height%3D%27500%27%20fill-opacity%3D%220%22%2F%3E%3C%2Fsvg%3E\" data-orig-src=\"http:\/\/www.amidas.si\/wp-content\/uploads\/2017\/05\/Mateja-Hocevar.jpg\" class=\"lazyload img-responsive wp-image-11128\"\/><\/span><\/div><\/div><div class=\"fusion-text fusion-text-3\"><p align=\"center\"><b>Mateja Ho\u010devar<\/b><\/p>\n<p align=\"center\">Mateja ist seit der Gr\u00fcndung des Unternehmens bei Amidas. Damals war jeder f\u00fcr alles zust\u00e4ndig, doch schon bald stellte sie fest, dass ihr die Rolle als Buchhalterin auf den Leib geschrieben ist \u2013 und das hat sich bis heute nicht ge\u00e4ndert. Mit gr\u00f6\u00dfter Genauigkeit und Konsequenz sorgt sie daf\u00fcr, dass die Zahlen stimmen \u2013 bei \u00dcbersetzern, Auftraggebern und Mitarbeitern. Die Mutter von drei T\u00f6chtern ist auch aktives Mitglied in einem Chor und unerm\u00fcdliche T\u00e4nzerin.<\/p>\n<\/div><\/div><\/div><div class=\"fusion-layout-column fusion_builder_column fusion-builder-column-4 fusion_builder_column_1_3 1_3 fusion-flex-column\" style=\"--awb-bg-size:cover;--awb-width-large:33.333333333333%;--awb-margin-top-large:0px;--awb-spacing-right-large:5.76%;--awb-margin-bottom-large:20px;--awb-spacing-left-large:5.76%;--awb-width-medium:33.333333333333%;--awb-order-medium:0;--awb-spacing-right-medium:5.76%;--awb-spacing-left-medium:5.76%;--awb-width-small:100%;--awb-order-small:0;--awb-spacing-right-small:1.92%;--awb-spacing-left-small:1.92%;\"><div class=\"fusion-column-wrapper fusion-column-has-shadow fusion-flex-justify-content-flex-start fusion-content-layout-column\"><div class=\"fusion-image-element \" style=\"--awb-mask-url: url(https:\/\/www.amidas.si\/wp-content\/plugins\/fusion-builder\/\/assets\/images\/masks\/mask-17.svg);--awb-mask-size: cover;--awb-caption-title-font-family:var(--h2_typography-font-family);--awb-caption-title-font-weight:var(--h2_typography-font-weight);--awb-caption-title-font-style:var(--h2_typography-font-style);--awb-caption-title-size:var(--h2_typography-font-size);--awb-caption-title-transform:var(--h2_typography-text-transform);--awb-caption-title-line-height:var(--h2_typography-line-height);--awb-caption-title-letter-spacing:var(--h2_typography-letter-spacing);\"><div class=\"awb-image-frame awb-image-frame-4 imageframe-liftup hover-with-mask\"><span class=\" fusion-imageframe imageframe-none imageframe-4 has-mask\"><img decoding=\"async\" width=\"2300\" height=\"2300\" alt=\"\u017diva Furlan\" title=\"IMG_6888\" src=\"https:\/\/www.amidas.si\/wp-content\/uploads\/2017\/05\/IMG_6888.jpg\" data-orig-src=\"http:\/\/www.amidas.si\/wp-content\/uploads\/2017\/05\/IMG_6888.jpg\" class=\"lazyload img-responsive wp-image-10670\" srcset=\"data:image\/svg+xml,%3Csvg%20xmlns%3D%27http%3A%2F%2Fwww.w3.org%2F2000%2Fsvg%27%20width%3D%272300%27%20height%3D%272300%27%20viewBox%3D%270%200%202300%202300%27%3E%3Crect%20width%3D%272300%27%20height%3D%272300%27%20fill-opacity%3D%220%22%2F%3E%3C%2Fsvg%3E\" data-srcset=\"https:\/\/www.amidas.si\/wp-content\/uploads\/2017\/05\/IMG_6888-600x600.jpg 600w, https:\/\/www.amidas.si\/wp-content\/uploads\/2017\/05\/IMG_6888.jpg 2300w\" data-sizes=\"auto\" data-orig-sizes=\"(max-width: 640px) 100vw, 2300px\" \/><\/span><\/div><\/div><div class=\"fusion-text fusion-text-4\"><p class=\"ult-team-member-name ult-responsive\" style=\"text-align: center;\" data-ultimate-target=\".ult-team-member-bio-wrap.ultimate-heading63b6da110e556 .ult-team-member-name\" data-responsive-json-new=\"{\"><strong>\u017diva Furlan<\/strong><\/p>\n<div class=\"ult-team-member-description ult-responsive\" data-ultimate-target=\".ult-team-member-bio-wrap.ultimate-heading63b6da110e556 .ult-team-member-description\" data-responsive-json-new=\"{\">\n<p style=\"text-align: center;\">\u017diva bringt frischen Wind ins Projektleiterteam, wo auch ihre Genauigkeit und die Bereitschaft, neue Herausforderungen anzunehmen, hoch gesch\u00e4tzt sind. Als leidenschaftliche Globetrotterin ist sie ein sehr neugieriger Mensch, daher entschied sie sich, neben dem Masterstudium der \u00dcbersetzungswissenschaften auch ein Wirtschaftsstudium an der Fakult\u00e4t f\u00fcr Wirtschaftswissenschaften Ljubljana zu absolvieren. Ihre ruhige und freundliche Art ist ein weiterer Grund, weshalb Ihre Auftr\u00e4ge bei ihr in den richtigen H\u00e4nden sind.<\/p>\n<\/div>\n<\/div><\/div><\/div><div class=\"fusion-layout-column fusion_builder_column fusion-builder-column-5 fusion_builder_column_1_3 1_3 fusion-flex-column\" style=\"--awb-bg-size:cover;--awb-width-large:33.333333333333%;--awb-margin-top-large:0px;--awb-spacing-right-large:5.76%;--awb-margin-bottom-large:20px;--awb-spacing-left-large:5.76%;--awb-width-medium:33.333333333333%;--awb-order-medium:0;--awb-spacing-right-medium:5.76%;--awb-spacing-left-medium:5.76%;--awb-width-small:100%;--awb-order-small:0;--awb-spacing-right-small:1.92%;--awb-spacing-left-small:1.92%;\"><div class=\"fusion-column-wrapper fusion-column-has-shadow fusion-flex-justify-content-flex-start fusion-content-layout-column\"><div class=\"fusion-image-element \" style=\"--awb-mask-url: url(https:\/\/www.amidas.si\/wp-content\/plugins\/fusion-builder\/\/assets\/images\/masks\/mask-17.svg);--awb-mask-size: cover;--awb-caption-title-font-family:var(--h2_typography-font-family);--awb-caption-title-font-weight:var(--h2_typography-font-weight);--awb-caption-title-font-style:var(--h2_typography-font-style);--awb-caption-title-size:var(--h2_typography-font-size);--awb-caption-title-transform:var(--h2_typography-text-transform);--awb-caption-title-line-height:var(--h2_typography-line-height);--awb-caption-title-letter-spacing:var(--h2_typography-letter-spacing);\"><div class=\"awb-image-frame awb-image-frame-5 imageframe-liftup hover-with-mask\"><span class=\" fusion-imageframe imageframe-none imageframe-5 has-mask\"><img decoding=\"async\" width=\"2300\" height=\"2300\" alt=\"Peter Kolar\" title=\"IMG_7140\" src=\"https:\/\/www.amidas.si\/wp-content\/uploads\/2017\/05\/IMG_7140.jpg\" data-orig-src=\"http:\/\/www.amidas.si\/wp-content\/uploads\/2017\/05\/IMG_7140.jpg\" class=\"lazyload img-responsive wp-image-10680\" srcset=\"data:image\/svg+xml,%3Csvg%20xmlns%3D%27http%3A%2F%2Fwww.w3.org%2F2000%2Fsvg%27%20width%3D%272300%27%20height%3D%272300%27%20viewBox%3D%270%200%202300%202300%27%3E%3Crect%20width%3D%272300%27%20height%3D%272300%27%20fill-opacity%3D%220%22%2F%3E%3C%2Fsvg%3E\" data-srcset=\"https:\/\/www.amidas.si\/wp-content\/uploads\/2017\/05\/IMG_7140-600x600.jpg 600w, https:\/\/www.amidas.si\/wp-content\/uploads\/2017\/05\/IMG_7140.jpg 2300w\" data-sizes=\"auto\" data-orig-sizes=\"(max-width: 640px) 100vw, 2300px\" \/><\/span><\/div><\/div><div class=\"fusion-text fusion-text-5\"><p class=\"ult-team-member-name ult-responsive\" style=\"text-align: center;\" data-ultimate-target=\".ult-team-member-bio-wrap.ultimate-heading63b6da1111054 .ult-team-member-name\" data-responsive-json-new=\"{\"><strong>Peter Kolar<\/strong><\/p>\n<div class=\"ult-team-member-description ult-responsive\" data-ultimate-target=\".ult-team-member-bio-wrap.ultimate-heading63b6da1111054 .ult-team-member-description\" data-responsive-json-new=\"{\">\n<p style=\"text-align: center;\">Peter hat sich den \u00dcbersetzungs- und Computerwissenschaften verschrieben, daher ist ihm die Funktion als Mitarbeiter im technischen Support wie auf den Leib geschneidert. Der Diplom\u00fcbersetzer und Computerfachmann ist immer bereit, seinen Mitarbeitern zu helfen, und versteht es, noch so stressige Tage mit seinem Sinn f\u00fcr Humor zu versch\u00f6nern.<\/p>\n<\/div>\n<\/div><\/div><\/div><\/div><\/div><div class=\"fusion-fullwidth fullwidth-box fusion-builder-row-2 fusion-flex-container has-pattern-background has-mask-background nonhundred-percent-fullwidth non-hundred-percent-height-scrolling\" style=\"--awb-border-radius-top-left:0px;--awb-border-radius-top-right:0px;--awb-border-radius-bottom-right:0px;--awb-border-radius-bottom-left:0px;--awb-flex-wrap:wrap;\" ><div class=\"fusion-builder-row fusion-row fusion-flex-align-items-flex-start fusion-flex-content-wrap\" style=\"max-width:1248px;margin-left: calc(-4% \/ 2 );margin-right: calc(-4% \/ 2 );\"><div class=\"fusion-layout-column fusion_builder_column fusion-builder-column-6 fusion_builder_column_1_1 1_1 fusion-flex-column\" style=\"--awb-bg-size:cover;--awb-width-large:100%;--awb-margin-top-large:0px;--awb-spacing-right-large:1.92%;--awb-margin-bottom-large:20px;--awb-spacing-left-large:1.92%;--awb-width-medium:100%;--awb-order-medium:0;--awb-spacing-right-medium:1.92%;--awb-spacing-left-medium:1.92%;--awb-width-small:100%;--awb-order-small:0;--awb-spacing-right-small:1.92%;--awb-spacing-left-small:1.92%;\"><div class=\"fusion-column-wrapper fusion-column-has-shadow fusion-flex-justify-content-flex-start fusion-content-layout-column\"><div class=\"fusion-text fusion-text-6 fusion-text-no-margin\" style=\"--awb-margin-top:80px;--awb-margin-bottom:70px;\"><div class=\"uvc-main-heading ult-responsive\" data-ultimate-target=\".uvc-heading.ultimate-heading-895363b7d352e02a7 h2\" data-responsive-json-new=\"{\">\n<h3 style=\"text-align: center;\"><strong>Lernen Sie unser Team kennen!<\/strong><\/h3>\n<\/div>\n<div class=\"uvc-sub-heading ult-responsive\" data-ultimate-target=\".uvc-heading.ultimate-heading-895363b7d352e02a7 .uvc-sub-heading \" data-responsive-json-new=\"{\">\n<h4 style=\"text-align: center;\"><strong>Senden Sie uns Ihre Anfrage und erhalten Sie ein Angebot nach Ma\u00df.<br \/>\n<\/strong><\/h4>\n<\/div>\n<\/div><div class=\"fusion-text fusion-text-7\">\n<div class=\"wpcf7 no-js\" id=\"wpcf7-f11453-o1\" lang=\"en-US\" dir=\"ltr\" data-wpcf7-id=\"11453\">\n<div class=\"screen-reader-response\"><p role=\"status\" aria-live=\"polite\" aria-atomic=\"true\"><\/p> <ul><\/ul><\/div>\n<form action=\"\/de\/wp-json\/wp\/v2\/pages\/16788#wpcf7-f11453-o1\" method=\"post\" class=\"wpcf7-form init\" aria-label=\"Contact form\" enctype=\"multipart\/form-data\" novalidate=\"novalidate\" data-status=\"init\">\n<fieldset class=\"hidden-fields-container\"><input type=\"hidden\" name=\"_wpcf7\" value=\"11453\" \/><input type=\"hidden\" name=\"_wpcf7_version\" value=\"6.1.5\" \/><input type=\"hidden\" name=\"_wpcf7_locale\" value=\"en_US\" \/><input type=\"hidden\" name=\"_wpcf7_unit_tag\" value=\"wpcf7-f11453-o1\" \/><input type=\"hidden\" name=\"_wpcf7_container_post\" value=\"0\" \/><input type=\"hidden\" name=\"_wpcf7_posted_data_hash\" value=\"\" \/><input type=\"hidden\" name=\"_wpcf7_recaptcha_response\" value=\"\" \/>\n<\/fieldset>\n<div class=\"col-md-4 placeholder\">\n\t<p><label> Ime in priimek* <\/label><span class=\"wpcf7-form-control-wrap\" data-name=\"Name\"><input size=\"40\" maxlength=\"400\" class=\"wpcf7-form-control wpcf7-text wpcf7-validates-as-required\" aria-required=\"true\" aria-invalid=\"false\" value=\"\" type=\"text\" name=\"Name\" \/><\/span>\n\t<\/p>\n<\/div>\n<div class=\"col-md-4 placeholder\">\n\t<p><label> Podjetje <\/label><span class=\"wpcf7-form-control-wrap\" data-name=\"Company\"><input size=\"40\" maxlength=\"400\" class=\"wpcf7-form-control wpcf7-text\" aria-invalid=\"false\" value=\"\" type=\"text\" name=\"Company\" \/><\/span>\n\t<\/p>\n<\/div>\n<div class=\"col-md-4 placeholder\">\n\t<p><label> E-naslov* <\/label><span class=\"wpcf7-form-control-wrap\" data-name=\"Email\"><input size=\"40\" maxlength=\"400\" class=\"wpcf7-form-control wpcf7-email wpcf7-validates-as-required wpcf7-text wpcf7-validates-as-email\" aria-required=\"true\" aria-invalid=\"false\" value=\"\" type=\"email\" name=\"Email\" \/><\/span>\n\t<\/p>\n<\/div>\n<div class=\"clearfix\">\n<\/div>\n<div class=\"col-md-4 placeholder\">\n\t<p><label>Telefonska \u0161tevilka*<\/label><span class=\"wpcf7-form-control-wrap\" data-name=\"Phone\"><input size=\"40\" maxlength=\"400\" class=\"wpcf7-form-control wpcf7-text wpcf7-validates-as-required\" aria-required=\"true\" aria-invalid=\"false\" value=\"\" type=\"text\" name=\"Phone\" \/><\/span>\n\t<\/p>\n<\/div>\n<div class=\"col-md-4 placeholder\">\n\t<p><label> Zadeva <\/label><span class=\"wpcf7-form-control-wrap\" data-name=\"Subject\"><input size=\"40\" maxlength=\"400\" class=\"wpcf7-form-control wpcf7-text\" aria-invalid=\"false\" value=\"\" type=\"text\" name=\"Subject\" \/><\/span>\n\t<\/p>\n<\/div>\n<div class=\"clearfix\">\n<\/div>\n<div class=\"col-md-12 placeholder\">\n\t<p><label> Sporo\u010dilo* <\/label><span class=\"wpcf7-form-control-wrap\" data-name=\"Message\"><textarea cols=\"40\" rows=\"10\" maxlength=\"2000\" class=\"wpcf7-form-control wpcf7-textarea wpcf7-validates-as-required\" aria-required=\"true\" aria-invalid=\"false\" name=\"Message\"><\/textarea><\/span>\n\t<\/p>\n<\/div>\n<div class=\"col-md-4 col-sm-12\">\n\t<p><label class=\"btn btn-primary wpcf7-upload\" for=\"file-upload\"><span class=\"wpcf7-form-control-wrap\" data-name=\"file-upload\"><input size=\"40\" class=\"wpcf7-form-control wpcf7-file\" accept=\".pdf,.doc,.docx,.xlsx,.xls,.jpg,.png,.jpeg\" aria-invalid=\"false\" type=\"file\" name=\"file-upload\" \/><\/span><br \/>\n<i class=\"fa fa-upload\" aria-hidden=\"true\"><\/i> Nalo\u017ei dokument<\/label><br \/>\n<span class='label label-info wpcf7-upload-info'><\/span>\n\t<\/p>\n<\/div>\n<div class=\"clearfix\">\n<\/div>\n<div class=\"col-md-4 col-sm-12\">\n\n<\/div>\n<div class=\"clearfix\">\n<\/div>\n<div class=\"col-md-8 text-center\">\n\t<p><input class=\"wpcf7-form-control wpcf7-submit has-spinner\" type=\"submit\" value=\"Po\u0161lji povpra\u0161evanje\" \/>\n\t<\/p>\n<\/div><input type='hidden' class='wpcf7-pum' value='{\"closepopup\":false,\"closedelay\":0,\"openpopup\":false,\"openpopup_id\":0}' \/><div class=\"fusion-alert alert custom alert-custom fusion-alert-center wpcf7-response-output awb-alert-native-link-color alert-dismissable awb-alert-close-boxed\" style=\"--awb-border-size:1px;--awb-border-top-left-radius:0px;--awb-border-top-right-radius:0px;--awb-border-bottom-left-radius:0px;--awb-border-bottom-right-radius:0px;\" role=\"alert\"><div class=\"fusion-alert-content-wrapper\"><span class=\"fusion-alert-content\"><\/span><\/div><button type=\"button\" class=\"close toggle-alert\" data-dismiss=\"alert\" aria-label=\"Close\">&times;<\/button><\/div>\n<\/form>\n<\/div>\n\n<\/div><\/div><\/div><\/div><\/div><div class=\"fusion-fullwidth fullwidth-box fusion-builder-row-3 fusion-flex-container has-pattern-background has-mask-background nonhundred-percent-fullwidth non-hundred-percent-height-scrolling\" style=\"--awb-border-radius-top-left:0px;--awb-border-radius-top-right:0px;--awb-border-radius-bottom-right:0px;--awb-border-radius-bottom-left:0px;--awb-flex-wrap:wrap;\" ><div class=\"fusion-builder-row fusion-row fusion-flex-align-items-flex-start fusion-flex-content-wrap\" style=\"max-width:1248px;margin-left: calc(-4% \/ 2 );margin-right: calc(-4% \/ 2 );\"><\/div><\/div><\/p>\n","protected":false},"excerpt":{"rendered":"","protected":false},"author":12,"featured_media":0,"parent":0,"menu_order":0,"comment_status":"closed","ping_status":"closed","template":"","meta":{"footnotes":""},"class_list":["post-16788","page","type-page","status-publish","hentry"],"_links":{"self":[{"href":"https:\/\/www.amidas.si\/de\/wp-json\/wp\/v2\/pages\/16788","targetHints":{"allow":["GET"]}}],"collection":[{"href":"https:\/\/www.amidas.si\/de\/wp-json\/wp\/v2\/pages"}],"about":[{"href":"https:\/\/www.amidas.si\/de\/wp-json\/wp\/v2\/types\/page"}],"author":[{"embeddable":true,"href":"https:\/\/www.amidas.si\/de\/wp-json\/wp\/v2\/users\/12"}],"replies":[{"embeddable":true,"href":"https:\/\/www.amidas.si\/de\/wp-json\/wp\/v2\/comments?post=16788"}],"version-history":[{"count":1,"href":"https:\/\/www.amidas.si\/de\/wp-json\/wp\/v2\/pages\/16788\/revisions"}],"predecessor-version":[{"id":18497,"href":"https:\/\/www.amidas.si\/de\/wp-json\/wp\/v2\/pages\/16788\/revisions\/18497"}],"wp:attachment":[{"href":"https:\/\/www.amidas.si\/de\/wp-json\/wp\/v2\/media?parent=16788"}],"curies":[{"name":"wp","href":"https:\/\/api.w.org\/{rel}","templated":true}]}}